{"id":1102,"date":"2026-03-26T10:39:52","date_gmt":"2026-03-26T10:39:52","guid":{"rendered":"https:\/\/myskin.tpicustomer.de\/?page_id=1102"},"modified":"2026-04-01T14:25:06","modified_gmt":"2026-04-01T14:25:06","slug":"faltenunterspritzung-berlin","status":"publish","type":"page","link":"https:\/\/myskin.berlin\/de\/aesthetik\/faltenunterspritzung-berlin\/","title":{"rendered":"Faltenunterspritzung"},"content":{"rendered":"\t\t<div data-elementor-type=\"wp-page\" data-elementor-id=\"1102\" class=\"elementor elementor-1102\" data-elementor-post-type=\"page\">\n\t\t\t\t<div class=\"elementor-element elementor-element-3b86a6e e-flex e-con-boxed e-con e-parent\" data-id=\"3b86a6e\" data-element_type=\"container\" data-e-type=\"container\" data-settings=\"{&quot;background_background&quot;:&quot;classic&quot;}\">\n\t\t\t\t\t<div class=\"e-con-inner\">\n\t\t<div class=\"elementor-element elementor-element-8c46f3a e-con-full glass-blur e-flex e-con e-child\" data-id=\"8c46f3a\" data-element_type=\"container\" data-e-type=\"container\" data-settings=\"{&quot;background_background&quot;:&quot;classic&quot;}\">\n\t\t\t\t<div class=\"elementor-element elementor-element-0439935 elementor-widget elementor-widget-heading\" data-id=\"0439935\" data-element_type=\"widget\" data-e-type=\"widget\" data-widget_type=\"heading.default\">\n\t\t\t\t\t<h1 class=\"elementor-heading-title elementor-size-default\">Die Falten\u00adunterspritzung in Berlin <\/h1>\t\t\t\t<\/div>\n\t\t\t\t<div class=\"elementor-element elementor-element-4a36a3f elementor-widget elementor-widget-text-editor\" data-id=\"4a36a3f\" data-element_type=\"widget\" data-e-type=\"widget\" data-widget_type=\"text-editor.default\">\n\t\t\t\t\t\t\t\t\t<p>Mit Hyaluron\u00ads\u00e4ure als Skinbooster zum erfirschten \u00c4u\u00dferen.<\/p>\t\t\t\t\t\t\t\t<\/div>\n\t\t<div class=\"elementor-element elementor-element-c974a75 e-con-full e-flex e-con e-child\" data-id=\"c974a75\" data-element_type=\"container\" data-e-type=\"container\">\n\t\t\t\t<div class=\"elementor-element elementor-element-d0e71ce elementor-align-left elementor-widget elementor-widget-button\" data-id=\"d0e71ce\" data-element_type=\"widget\" data-e-type=\"widget\" data-widget_type=\"button.default\">\n\t\t\t\t\t\t\t\t\t\t<a class=\"elementor-button elementor-button-link elementor-size-sm elementor-animation-grow\" href=\"https:\/\/www.doctolib.de\/privatpraxis\/berlin\/dermatologie-und-laserzentrum-dr-pettker?utm_campaign=website-button&#038;utm_content=option-8&#038;utm_medium=referral&#038;utm_source=dermatologie-und-laserzentrum-dr-pettker-website-button&#038;utm_term=dermatologie-und-laserzentrum-dr-pettker\" target=\"_blank\" rel=\"noopener\">\n\t\t\t\t\t\t<span class=\"elementor-button-content-wrapper\">\n\t\t\t\t\t\t<span class=\"elementor-button-icon\">\n\t\t\t\t<svg aria-hidden=\"true\" class=\"e-font-icon-svg e-fas-angle-right\" viewBox=\"0 0 256 512\" xmlns=\"http:\/\/www.w3.org\/2000\/svg\"><path d=\"M224.3 273l-136 136c-9.4 9.4-24.6 9.4-33.9 0l-22.6-22.6c-9.4-9.4-9.4-24.6 0-33.9l96.4-96.4-96.4-96.4c-9.4-9.4-9.4-24.6 0-33.9L54.3 103c9.4-9.4 24.6-9.4 33.9 0l136 136c9.5 9.4 9.5 24.6.1 34z\"><\/path><\/svg>\t\t\t<\/span>\n\t\t\t\t\t\t\t\t\t<span class=\"elementor-button-text\">Termin buchen<\/span>\n\t\t\t\t\t<\/span>\n\t\t\t\t\t<\/a>\n\t\t\t\t\t\t\t\t<\/div>\n\t\t\t\t<div class=\"elementor-element elementor-element-816a33c elementor-align-left elementor-widget elementor-widget-button\" data-id=\"816a33c\" data-element_type=\"widget\" data-e-type=\"widget\" data-widget_type=\"button.default\">\n\t\t\t\t\t\t\t\t\t\t<a class=\"elementor-button elementor-button-link elementor-size-sm elementor-animation-grow\" href=\"https:\/\/myskin.berlin\/de\/#oeffnungszeiten\">\n\t\t\t\t\t\t<span class=\"elementor-button-content-wrapper\">\n\t\t\t\t\t\t<span class=\"elementor-button-icon\">\n\t\t\t\t<svg aria-hidden=\"true\" class=\"e-font-icon-svg e-fas-angle-right\" viewBox=\"0 0 256 512\" xmlns=\"http:\/\/www.w3.org\/2000\/svg\"><path d=\"M224.3 273l-136 136c-9.4 9.4-24.6 9.4-33.9 0l-22.6-22.6c-9.4-9.4-9.4-24.6 0-33.9l96.4-96.4-96.4-96.4c-9.4-9.4-9.4-24.6 0-33.9L54.3 103c9.4-9.4 24.6-9.4 33.9 0l136 136c9.5 9.4 9.5 24.6.1 34z\"><\/path><\/svg>\t\t\t<\/span>\n\t\t\t\t\t\t\t\t\t<span class=\"elementor-button-text\">\u00d6ffnungszeiten<\/span>\n\t\t\t\t\t<\/span>\n\t\t\t\t\t<\/a>\n\t\t\t\t\t\t\t\t<\/div>\n\t\t\t\t<\/div>\n\t\t\t\t<\/div>\n\t\t\t\t\t<\/div>\n\t\t\t\t<\/div>\n\t\t<div class=\"elementor-element elementor-element-9283962 e-flex e-con-boxed e-con e-parent\" data-id=\"9283962\" data-element_type=\"container\" data-e-type=\"container\">\n\t\t\t\t\t<div class=\"e-con-inner\">\n\t\t<div class=\"elementor-element elementor-element-1036300 e-con-full e-flex e-con e-child\" data-id=\"1036300\" data-element_type=\"container\" data-e-type=\"container\" data-settings=\"{&quot;sticky&quot;:&quot;top&quot;,&quot;sticky_on&quot;:[&quot;desktop&quot;],&quot;sticky_offset&quot;:50,&quot;sticky_parent&quot;:&quot;yes&quot;,&quot;sticky_effects_offset&quot;:0,&quot;sticky_anchor_link_offset&quot;:0}\">\n\t\t\t\t<div class=\"elementor-element elementor-element-a0dabdc elementor-toc--minimized-on-mobile elementor-widget-mobile__width-inherit elementor-widget elementor-widget-table-of-contents\" data-id=\"a0dabdc\" data-element_type=\"widget\" data-e-type=\"widget\" data-settings=\"{&quot;headings_by_tags&quot;:[&quot;h2&quot;,&quot;h3&quot;],&quot;exclude_headings_by_selector&quot;:[],&quot;marker_view&quot;:&quot;bullets&quot;,&quot;icon&quot;:{&quot;value&quot;:&quot;&quot;,&quot;library&quot;:&quot;&quot;},&quot;no_headings_message&quot;:&quot;Es wurden keine \\u00dcberschriften auf dieser Seite gefunden.&quot;,&quot;minimized_on&quot;:&quot;mobile&quot;,&quot;min_height&quot;:{&quot;unit&quot;:&quot;px&quot;,&quot;size&quot;:0,&quot;sizes&quot;:[]},&quot;minimize_box&quot;:&quot;yes&quot;,&quot;hierarchical_view&quot;:&quot;yes&quot;,&quot;min_height_tablet&quot;:{&quot;unit&quot;:&quot;px&quot;,&quot;size&quot;:&quot;&quot;,&quot;sizes&quot;:[]},&quot;min_height_mobile&quot;:{&quot;unit&quot;:&quot;px&quot;,&quot;size&quot;:&quot;&quot;,&quot;sizes&quot;:[]}}\" data-widget_type=\"table-of-contents.default\">\n\t\t\t\t\t\t\t\t\t<div class=\"elementor-toc__header\">\n\t\t\t\t\t\t<div class=\"elementor-toc__header-title\">\n\t\t\t\tInhalt\t\t\t<\/div>\n\t\t\t\t\t\t\t\t\t\t<div class=\"elementor-toc__toggle-button elementor-toc__toggle-button--expand\" role=\"button\" tabindex=\"0\" aria-controls=\"elementor-toc__a0dabdc\" aria-expanded=\"true\" aria-label=\"Inhaltsverzeichnis \u00f6ffnen\"><\/div>\n\t\t\t\t<div class=\"elementor-toc__toggle-button elementor-toc__toggle-button--collapse\" role=\"button\" tabindex=\"0\" aria-controls=\"elementor-toc__a0dabdc\" aria-expanded=\"true\" aria-label=\"Inhaltsverzeichnis schlie\u00dfen\"><\/div>\n\t\t\t\t\t<\/div>\n\t\t\t\t<div id=\"elementor-toc__a0dabdc\" class=\"elementor-toc__body\">\n\t\t\t<div class=\"elementor-toc__spinner-container\">\n\t\t\t\t<svg class=\"elementor-toc__spinner eicon-animation-spin e-font-icon-svg e-eicon-loading\" aria-hidden=\"true\" viewBox=\"0 0 1000 1000\" xmlns=\"http:\/\/www.w3.org\/2000\/svg\"><path d=\"M500 975V858C696 858 858 696 858 500S696 142 500 142 142 304 142 500H25C25 237 238 25 500 25S975 237 975 500 763 975 500 975Z\"><\/path><\/svg>\t\t\t<\/div>\n\t\t<\/div>\n\t\t\t\t\t\t<\/div>\n\t\t\t\t<\/div>\n\t\t<div class=\"elementor-element elementor-element-2e31b93 e-con-full e-flex e-con e-child\" data-id=\"2e31b93\" data-element_type=\"container\" data-e-type=\"container\">\n\t\t\t\t<div class=\"elementor-element elementor-element-fe29a55 elementor-widget elementor-widget-text-editor\" data-id=\"fe29a55\" data-element_type=\"widget\" data-e-type=\"widget\" data-widget_type=\"text-editor.default\">\n\t\t\t\t\t\t\t\t\t<p>Sicherlich haben Sie auf dem Kosmetik-Markt schon h\u00e4ufig Produkte mit Hyalurons\u00e4ure gesehen. Diese eignet sich bestens daf\u00fcr, auf schonende Art Falten zu gl\u00e4tten. Anstatt das Mittel jedoch nur von au\u00dfen aufzutragen, erhalten Sie bei uns ein hochwertiges Hyaluron-Gel direkt unter das Kollagen der Haut, wo die k\u00f6rpereigenen Reserven von Kollagen stimuliert werden.<\/p>\t\t\t\t\t\t\t\t<\/div>\n\t\t\t\t<div class=\"elementor-element elementor-element-5f1aeee elementor-align-right elementor-widget elementor-widget-button\" data-id=\"5f1aeee\" data-element_type=\"widget\" data-e-type=\"widget\" data-widget_type=\"button.default\">\n\t\t\t\t\t\t\t\t\t\t<a class=\"elementor-button elementor-button-link elementor-size-sm elementor-animation-grow\" href=\"https:\/\/www.doctolib.de\/privatpraxis\/berlin\/dermatologie-und-laserzentrum-dr-pettker?utm_campaign=website-button&#038;utm_content=option-8&#038;utm_medium=referral&#038;utm_source=dermatologie-und-laserzentrum-dr-pettker-website-button&#038;utm_term=dermatologie-und-laserzentrum-dr-pettker\" target=\"_blank\" rel=\"noopener\">\n\t\t\t\t\t\t<span class=\"elementor-button-content-wrapper\">\n\t\t\t\t\t\t<span class=\"elementor-button-icon\">\n\t\t\t\t<svg aria-hidden=\"true\" class=\"e-font-icon-svg e-fas-angle-right\" viewBox=\"0 0 256 512\" xmlns=\"http:\/\/www.w3.org\/2000\/svg\"><path d=\"M224.3 273l-136 136c-9.4 9.4-24.6 9.4-33.9 0l-22.6-22.6c-9.4-9.4-9.4-24.6 0-33.9l96.4-96.4-96.4-96.4c-9.4-9.4-9.4-24.6 0-33.9L54.3 103c9.4-9.4 24.6-9.4 33.9 0l136 136c9.5 9.4 9.5 24.6.1 34z\"><\/path><\/svg>\t\t\t<\/span>\n\t\t\t\t\t\t\t\t\t<span class=\"elementor-button-text\">Termin buchen<\/span>\n\t\t\t\t\t<\/span>\n\t\t\t\t\t<\/a>\n\t\t\t\t\t\t\t\t<\/div>\n\t\t\t\t<div class=\"elementor-element elementor-element-412188e elementor-widget elementor-widget-heading\" data-id=\"412188e\" data-element_type=\"widget\" data-e-type=\"widget\" data-widget_type=\"heading.default\">\n\t\t\t\t\t<h2 class=\"elementor-heading-title elementor-size-default\">Face-Contouring <\/h2>\t\t\t\t<\/div>\n\t\t\t\t<div class=\"elementor-element elementor-element-60e1b74 elementor-widget elementor-widget-text-editor\" data-id=\"60e1b74\" data-element_type=\"widget\" data-e-type=\"widget\" data-widget_type=\"text-editor.default\">\n\t\t\t\t\t\t\t\t\tDabei arbeiten wir mit Fillern wie Ellans\u00e9\u00ae und Radiesse\u00ae, die von Dermatolgen getestet und f\u00fcr gut befunden wurden. Diese Prozedur wird ausschlie\u00dflich vom Facharzt durchgef\u00fchrt.\n\nSie ist schmerzfrei und erm\u00f6glicht es, F\u00e4ltchen im Gesicht aufzuf\u00fcllen und auch langfristig Volumen aufzubauen.  \t\t\t\t\t\t\t\t<\/div>\n\t\t<div class=\"elementor-element elementor-element-f671355 e-con-full e-flex e-con e-child\" data-id=\"f671355\" data-element_type=\"container\" data-e-type=\"container\">\n\t\t<div class=\"elementor-element elementor-element-f1d8dd6 e-con-full e-flex e-con e-child\" data-id=\"f1d8dd6\" data-element_type=\"container\" data-e-type=\"container\">\n\t\t\t\t<div class=\"elementor-element elementor-element-4f97ccc elementor-widget elementor-widget-text-editor\" data-id=\"4f97ccc\" data-element_type=\"widget\" data-e-type=\"widget\" data-widget_type=\"text-editor.default\">\n\t\t\t\t\t\t\t\t\tIhre Haut erh\u00e4lt langfristig einen frischen Look. Insbesondere die soge\u00adnannten Zornesfalten, die \u201eRaucherfalten\u201c, die Augenf\u00e4ltchen und die Nasolabial\u00adfalten lassen sich von einem der weltmarkt\u00adf\u00fchrenden Produkte wie Restylane\u00ae, Belotero\u00ae und Juvederm\u00ae wirkungsvoll behandeln. Je nach Ihrem Hauttyp und der Indikation h\u00e4lt der Effekt der nat\u00fcrlichen Hyaluron\u00ads\u00e4ure zwischen sechs und 18 Monate lang an.  \t\t\t\t\t\t\t\t<\/div>\n\t\t\t\t<div class=\"elementor-element elementor-element-5b7b83f elementor-align-right elementor-widget elementor-widget-button\" data-id=\"5b7b83f\" data-element_type=\"widget\" data-e-type=\"widget\" data-widget_type=\"button.default\">\n\t\t\t\t\t\t\t\t\t\t<a class=\"elementor-button elementor-button-link elementor-size-sm elementor-animation-grow\" href=\"https:\/\/www.doctolib.de\/privatpraxis\/berlin\/dermatologie-und-laserzentrum-dr-pettker?utm_campaign=website-button&#038;utm_content=option-8&#038;utm_medium=referral&#038;utm_source=dermatologie-und-laserzentrum-dr-pettker-website-button&#038;utm_term=dermatologie-und-laserzentrum-dr-pettker\" target=\"_blank\" rel=\"noopener\">\n\t\t\t\t\t\t<span class=\"elementor-button-content-wrapper\">\n\t\t\t\t\t\t<span class=\"elementor-button-icon\">\n\t\t\t\t<svg aria-hidden=\"true\" class=\"e-font-icon-svg e-fas-angle-right\" viewBox=\"0 0 256 512\" xmlns=\"http:\/\/www.w3.org\/2000\/svg\"><path d=\"M224.3 273l-136 136c-9.4 9.4-24.6 9.4-33.9 0l-22.6-22.6c-9.4-9.4-9.4-24.6 0-33.9l96.4-96.4-96.4-96.4c-9.4-9.4-9.4-24.6 0-33.9L54.3 103c9.4-9.4 24.6-9.4 33.9 0l136 136c9.5 9.4 9.5 24.6.1 34z\"><\/path><\/svg>\t\t\t<\/span>\n\t\t\t\t\t\t\t\t\t<span class=\"elementor-button-text\">Termin buchen<\/span>\n\t\t\t\t\t<\/span>\n\t\t\t\t\t<\/a>\n\t\t\t\t\t\t\t\t<\/div>\n\t\t\t\t<\/div>\n\t\t\t\t<div class=\"elementor-element elementor-element-ec85d0c elementor-widget__width-initial elementor-widget elementor-widget-image\" data-id=\"ec85d0c\" data-element_type=\"widget\" data-e-type=\"widget\" data-widget_type=\"image.default\">\n\t\t\t\t\t\t\t\t\t\t\t\t\t\t\t<img fetchpriority=\"high\" decoding=\"async\" width=\"800\" height=\"600\" src=\"https:\/\/myskin.berlin\/wp-content\/uploads\/2026\/03\/Faltenunterspritzung-MySkin.webp\" class=\"attachment-large size-large wp-image-989\" alt=\"Die Falten\u00adgl\u00e4ttung mit Hyaluron\u00ads\u00e4ure - Skinbooster\" srcset=\"https:\/\/myskin.berlin\/wp-content\/uploads\/2026\/03\/Faltenunterspritzung-MySkin.webp 801w, https:\/\/myskin.berlin\/wp-content\/uploads\/2026\/03\/Faltenunterspritzung-MySkin-300x225.webp 300w, https:\/\/myskin.berlin\/wp-content\/uploads\/2026\/03\/Faltenunterspritzung-MySkin-768x576.webp 768w\" sizes=\"(max-width: 800px) 100vw, 800px\" \/>\t\t\t\t\t\t\t\t\t\t\t\t\t\t\t<\/div>\n\t\t\t\t<\/div>\n\t\t\t\t<div class=\"elementor-element elementor-element-4b4b807 elementor-hidden-desktop elementor-hidden-tablet elementor-hidden-mobile elementor-widget elementor-widget-heading\" data-id=\"4b4b807\" data-element_type=\"widget\" data-e-type=\"widget\" data-widget_type=\"heading.default\">\n\t\t\t\t\t<div class=\"elementor-heading-title elementor-size-default\">Quellen<\/div>\t\t\t\t<\/div>\n\t\t\t\t<div class=\"elementor-element elementor-element-0092792 elementor-hidden-desktop elementor-hidden-tablet elementor-hidden-mobile elementor-widget elementor-widget-text-editor\" data-id=\"0092792\" data-element_type=\"widget\" data-e-type=\"widget\" data-widget_type=\"text-editor.default\">\n\t\t\t\t\t\t\t\t\t<p>De Maio, M., DeBoulle, K., Braz, A. &amp; Rohrich, R. J. (2017). Facial Assessment and Injection Guide for Botulinum Toxin and Injectable Hyaluronic Acid Fillers: Focus on the Midface. Plastic &amp; Reconstructive Surgery, 140(4), 540e\u2013550e. [online] Verf\u00fcgbar unter: <a href=\"https:\/\/doi.org\/10.1097\/prs.0000000000003716\" target=\"_blank\" rel=\"noopener\">https:\/\/doi.org\/10.1097\/prs.0000000000003716 <\/a><\/p>\t\t\t\t\t\t\t\t<\/div>\n\t\t\t\t<\/div>\n\t\t<div class=\"elementor-element elementor-element-6e38d47 e-con-full e-flex e-con e-child\" data-id=\"6e38d47\" data-element_type=\"container\" data-e-type=\"container\">\n\t\t\t\t<div class=\"elementor-element elementor-element-4fde04b elementor-widget__width-initial elementor-widget elementor-widget-shortcode\" data-id=\"4fde04b\" data-element_type=\"widget\" data-e-type=\"widget\" data-widget_type=\"shortcode.default\">\n\t\t\t\t\t\t\t<div class=\"elementor-shortcode\">\t\t<div data-elementor-type=\"container\" data-elementor-id=\"311\" class=\"elementor elementor-311\" data-elementor-post-type=\"elementor_library\">\n\t\t\t\t<div class=\"elementor-element elementor-element-33535df6 e-con-full e-flex e-con e-child\" data-id=\"33535df6\" data-element_type=\"container\" data-e-type=\"container\">\n\t\t\t\t<div class=\"elementor-element elementor-element-320ff545 elementor-align-start elementor-icon-list--layout-traditional elementor-list-item-link-full_width elementor-widget elementor-widget-icon-list\" data-id=\"320ff545\" data-element_type=\"widget\" data-e-type=\"widget\" data-widget_type=\"icon-list.default\">\n\t\t\t\t\t\t\t<ul class=\"elementor-icon-list-items\">\n\t\t\t\t\t\t\t<li class=\"elementor-icon-list-item\">\n\t\t\t\t\t\t\t\t\t\t<span class=\"elementor-icon-list-text\"><b>Dr. med. Reinhard Pettker<\/b> <br>Rankestr. 2 <br>10789 Berlin<\/span>\n\t\t\t\t\t\t\t\t\t<\/li>\n\t\t\t\t\t\t<\/ul>\n\t\t\t\t\t\t<\/div>\n\t\t\t\t<div class=\"elementor-element elementor-element-1e0a0d5c elementor-align-start elementor-icon-list--layout-traditional elementor-list-item-link-full_width elementor-widget elementor-widget-icon-list\" data-id=\"1e0a0d5c\" data-element_type=\"widget\" data-e-type=\"widget\" data-widget_type=\"icon-list.default\">\n\t\t\t\t\t\t\t<ul class=\"elementor-icon-list-items\">\n\t\t\t\t\t\t\t<li class=\"elementor-icon-list-item\">\n\t\t\t\t\t\t\t\t\t\t\t<a href=\"tel:030403686140\">\n\n\t\t\t\t\t\t\t\t\t\t\t<span class=\"elementor-icon-list-text\">T. +49 (0) 30 403686140<\/span>\n\t\t\t\t\t\t\t\t\t\t\t<\/a>\n\t\t\t\t\t\t\t\t\t<\/li>\n\t\t\t\t\t\t\t\t<li class=\"elementor-icon-list-item\">\n\t\t\t\t\t\t\t\t\t\t\t<a href=\"mailto:rezeption@myskin.berlin\">\n\n\t\t\t\t\t\t\t\t\t\t\t<span class=\"elementor-icon-list-text\">E. rezeption@myskin.berlin<\/span>\n\t\t\t\t\t\t\t\t\t\t\t<\/a>\n\t\t\t\t\t\t\t\t\t<\/li>\n\t\t\t\t\t\t<\/ul>\n\t\t\t\t\t\t<\/div>\n\t\t\t\t<\/div>\n\t\t\t\t<\/div>\n\t\t<\/div>\n\t\t\t\t\t\t<\/div>\n\t\t\t\t<div class=\"elementor-element elementor-element-995807d elementor-widget__width-initial elementor-widget elementor-widget-shortcode\" data-id=\"995807d\" data-element_type=\"widget\" data-e-type=\"widget\" data-widget_type=\"shortcode.default\">\n\t\t\t\t\t\t\t<div class=\"elementor-shortcode\">\t\t<div data-elementor-type=\"container\" data-elementor-id=\"345\" class=\"elementor elementor-345\" data-elementor-post-type=\"elementor_library\">\n\t\t\t\t<div class=\"elementor-element elementor-element-7a61269b e-con-full e-flex e-con e-child\" data-id=\"7a61269b\" data-element_type=\"container\" data-e-type=\"container\">\n\t\t\t\t<div class=\"elementor-element elementor-element-1d97f16 elementor-widget__width-initial elementor-widget elementor-widget-image\" data-id=\"1d97f16\" data-element_type=\"widget\" data-e-type=\"widget\" data-widget_type=\"image.default\">\n\t\t\t\t\t\t\t\t\t\t\t\t\t\t\t<img decoding=\"async\" width=\"469\" height=\"114\" src=\"https:\/\/myskin.berlin\/wp-content\/uploads\/2026\/03\/Doctolib_2023_Logo_Dark_Blue.webp\" class=\"attachment-large size-large wp-image-166\" alt=\"\" srcset=\"https:\/\/myskin.berlin\/wp-content\/uploads\/2026\/03\/Doctolib_2023_Logo_Dark_Blue.webp 469w, https:\/\/myskin.berlin\/wp-content\/uploads\/2026\/03\/Doctolib_2023_Logo_Dark_Blue-300x73.webp 300w\" sizes=\"(max-width: 469px) 100vw, 469px\" \/>\t\t\t\t\t\t\t\t\t\t\t\t\t\t\t<\/div>\n\t\t\t\t<div class=\"elementor-element elementor-element-460677ad elementor-align-left elementor-widget__width-auto elementor-widget elementor-widget-button\" data-id=\"460677ad\" data-element_type=\"widget\" data-e-type=\"widget\" data-widget_type=\"button.default\">\n\t\t\t\t\t\t\t\t\t\t<a class=\"elementor-button elementor-button-link elementor-size-sm elementor-animation-grow\" href=\"https:\/\/www.doctolib.de\/privatpraxis\/berlin\/dermatologie-und-laserzentrum-dr-pettker?utm_campaign=website-button&#038;utm_content=option-8&#038;utm_medium=referral&#038;utm_source=dermatologie-und-laserzentrum-dr-pettker-website-button&#038;utm_term=dermatologie-und-laserzentrum-dr-pettker\" target=\"_blank\" rel=\"noopener\">\n\t\t\t\t\t\t<span class=\"elementor-button-content-wrapper\">\n\t\t\t\t\t\t<span class=\"elementor-button-icon\">\n\t\t\t\t<svg aria-hidden=\"true\" class=\"e-font-icon-svg e-fas-angle-right\" viewBox=\"0 0 256 512\" xmlns=\"http:\/\/www.w3.org\/2000\/svg\"><path d=\"M224.3 273l-136 136c-9.4 9.4-24.6 9.4-33.9 0l-22.6-22.6c-9.4-9.4-9.4-24.6 0-33.9l96.4-96.4-96.4-96.4c-9.4-9.4-9.4-24.6 0-33.9L54.3 103c9.4-9.4 24.6-9.4 33.9 0l136 136c9.5 9.4 9.5 24.6.1 34z\"><\/path><\/svg>\t\t\t<\/span>\n\t\t\t\t\t\t\t\t\t<span class=\"elementor-button-text\">Termin buchen<\/span>\n\t\t\t\t\t<\/span>\n\t\t\t\t\t<\/a>\n\t\t\t\t\t\t\t\t<\/div>\n\t\t\t\t<\/div>\n\t\t\t\t<\/div>\n\t\t<\/div>\n\t\t\t\t\t\t<\/div>\n\t\t\t\t<\/div>\n\t\t\t\t\t<\/div>\n\t\t\t\t<\/div>\n\t\t<div class=\"elementor-element elementor-element-37fbb9d e-con-full e-flex e-con e-parent\" data-id=\"37fbb9d\" data-element_type=\"container\" data-e-type=\"container\">\n\t\t\t\t<div class=\"elementor-element elementor-element-eb092d0 elementor-widget elementor-widget-shortcode\" data-id=\"eb092d0\" data-element_type=\"widget\" data-e-type=\"widget\" data-widget_type=\"shortcode.default\">\n\t\t\t\t\t\t\t<div class=\"elementor-shortcode\">\t\t<div data-elementor-type=\"container\" data-elementor-id=\"95\" class=\"elementor elementor-95\" data-elementor-post-type=\"elementor_library\">\n\t\t\t\t<div class=\"elementor-element elementor-element-37aaf5bc e-flex e-con-boxed e-con e-parent\" data-id=\"37aaf5bc\" data-element_type=\"container\" data-e-type=\"container\" data-settings=\"{&quot;background_background&quot;:&quot;classic&quot;}\">\n\t\t\t\t\t<div class=\"e-con-inner\">\n\t\t<div class=\"elementor-element elementor-element-60469eef e-con-full e-flex e-con e-child\" data-id=\"60469eef\" data-element_type=\"container\" data-e-type=\"container\" data-settings=\"{&quot;background_background&quot;:&quot;classic&quot;}\">\n\t\t\t\t<div class=\"elementor-element elementor-element-2505f590 elementor-widget elementor-widget-heading\" data-id=\"2505f590\" data-element_type=\"widget\" data-e-type=\"widget\" data-widget_type=\"heading.default\">\n\t\t\t\t\t<h2 class=\"elementor-heading-title elementor-size-default\">Buchen Sie Ihren Termin bei Myskin <\/h2>\t\t\t\t<\/div>\n\t\t\t\t<div class=\"elementor-element elementor-element-6f1a9557 elementor-widget elementor-widget-text-editor\" data-id=\"6f1a9557\" data-element_type=\"widget\" data-e-type=\"widget\" data-widget_type=\"text-editor.default\">\n\t\t\t\t\t\t\t\t\t<p>Profitieren Sie von einer umfassenden Untersuchung und einer ehrlichen Einsch\u00e4tzung Ihrer W\u00fcnsche und Ziele durch Ihren Facharzt Dr. Pettker in Berlin. Buchen Sie Ihren Termin online oder telefonisch und lassen Sie sich von Kompetenz und Erfahrung \u00fcberzeugen.<\/p>\t\t\t\t\t\t\t\t<\/div>\n\t\t\t\t<div class=\"elementor-element elementor-element-68e42ac4 elementor-align-center elementor-widget elementor-widget-button\" data-id=\"68e42ac4\" data-element_type=\"widget\" data-e-type=\"widget\" data-widget_type=\"button.default\">\n\t\t\t\t\t\t\t\t\t\t<a class=\"elementor-button elementor-button-link elementor-size-sm elementor-animation-grow\" href=\"https:\/\/www.doctolib.de\/privatpraxis\/berlin\/dermatologie-und-laserzentrum-dr-pettker?utm_campaign=website-button&#038;utm_content=option-8&#038;utm_medium=referral&#038;utm_source=dermatologie-und-laserzentrum-dr-pettker-website-button&#038;utm_term=dermatologie-und-laserzentrum-dr-pettker\" target=\"_blank\" rel=\"noopener\">\n\t\t\t\t\t\t<span class=\"elementor-button-content-wrapper\">\n\t\t\t\t\t\t<span class=\"elementor-button-icon\">\n\t\t\t\t<svg aria-hidden=\"true\" class=\"e-font-icon-svg e-fas-angle-right\" viewBox=\"0 0 256 512\" xmlns=\"http:\/\/www.w3.org\/2000\/svg\"><path d=\"M224.3 273l-136 136c-9.4 9.4-24.6 9.4-33.9 0l-22.6-22.6c-9.4-9.4-9.4-24.6 0-33.9l96.4-96.4-96.4-96.4c-9.4-9.4-9.4-24.6 0-33.9L54.3 103c9.4-9.4 24.6-9.4 33.9 0l136 136c9.5 9.4 9.5 24.6.1 34z\"><\/path><\/svg>\t\t\t<\/span>\n\t\t\t\t\t\t\t\t\t<span class=\"elementor-button-text\">Termin buchen<\/span>\n\t\t\t\t\t<\/span>\n\t\t\t\t\t<\/a>\n\t\t\t\t\t\t\t\t<\/div>\n\t\t\t\t<\/div>\n\t\t\t\t\t<\/div>\n\t\t\t\t<\/div>\n\t\t\t\t<\/div>\n\t\t<\/div>\n\t\t\t\t\t\t<\/div>\n\t\t\t\t<\/div>\n\t\t\t\t<\/div>\n\t\t","protected":false},"excerpt":{"rendered":"<p>Die Falten\u00adunterspritzung in Berlin Mit Hyaluron\u00ads\u00e4ure als Skinbooster zum erfirschten \u00c4u\u00dferen. Termin buchen \u00d6ffnungszeiten Inhalt Sicherlich haben Sie auf dem Kosmetik-Markt schon h\u00e4ufig Produkte mit Hyalurons\u00e4ure gesehen. Diese eignet sich bestens daf\u00fcr, auf schonende Art Falten zu gl\u00e4tten. Anstatt das Mittel jedoch nur von au\u00dfen aufzutragen, erhalten Sie bei uns ein hochwertiges Hyaluron-Gel direkt unter [&hellip;]<\/p>\n","protected":false},"author":1,"featured_media":0,"parent":180,"menu_order":0,"comment_status":"closed","ping_status":"closed","template":"elementor_header_footer","meta":{"footnotes":""},"class_list":["post-1102","page","type-page","status-publish","hentry"],"_links":{"self":[{"href":"https:\/\/myskin.berlin\/de\/wp-json\/wp\/v2\/pages\/1102","targetHints":{"allow":["GET"]}}],"collection":[{"href":"https:\/\/myskin.berlin\/de\/wp-json\/wp\/v2\/pages"}],"about":[{"href":"https:\/\/myskin.berlin\/de\/wp-json\/wp\/v2\/types\/page"}],"author":[{"embeddable":true,"href":"https:\/\/myskin.berlin\/de\/wp-json\/wp\/v2\/users\/1"}],"replies":[{"embeddable":true,"href":"https:\/\/myskin.berlin\/de\/wp-json\/wp\/v2\/comments?post=1102"}],"version-history":[{"count":0,"href":"https:\/\/myskin.berlin\/de\/wp-json\/wp\/v2\/pages\/1102\/revisions"}],"up":[{"embeddable":true,"href":"https:\/\/myskin.berlin\/de\/wp-json\/wp\/v2\/pages\/180"}],"wp:attachment":[{"href":"https:\/\/myskin.berlin\/de\/wp-json\/wp\/v2\/media?parent=1102"}],"curies":[{"name":"wp","href":"https:\/\/api.w.org\/{rel}","templated":true}]}}